{"id":268,"date":"2024-01-03T08:12:46","date_gmt":"2024-01-03T07:12:46","guid":{"rendered":"http:\/\/progressiopodlasie.pl\/?page_id=268"},"modified":"2024-03-13T12:17:19","modified_gmt":"2024-03-13T11:17:19","slug":"oferta","status":"publish","type":"page","link":"https:\/\/progressiopodlasie.pl\/?page_id=268","title":{"rendered":"Oferta"},"content":{"rendered":"\t\t<div data-elementor-type=\"wp-page\" data-elementor-id=\"268\" class=\"elementor elementor-268\" data-elementor-post-type=\"page\">\n\t\t\t\t<div class=\"elementor-element elementor-element-ce5d29a e-con-full e-flex e-con e-parent\" data-id=\"ce5d29a\" data-element_type=\"container\" data-settings=\"{&quot;content_width&quot;:&quot;full&quot;}\" data-core-v316-plus=\"true\">\n\t\t<div class=\"elementor-element elementor-element-9a7491b e-con-full e-flex e-con e-child\" data-id=\"9a7491b\" data-element_type=\"container\" id=\"dotacje\" data-settings=\"{&quot;content_width&quot;:&quot;full&quot;}\">\n\t\t\t\t<div class=\"elementor-element elementor-element-7ed836f elementor-widget elementor-widget-image\" data-id=\"7ed836f\" data-element_type=\"widget\" data-widget_type=\"image.default\">\n\t\t\t\t<div class=\"elementor-widget-container\">\n\t\t\t<style>\/*! elementor - v3.19.0 - 28-02-2024 *\/\n.elementor-widget-image{text-align:center}.elementor-widget-image a{display:inline-block}.elementor-widget-image a img[src$=\".svg\"]{width:48px}.elementor-widget-image img{vertical-align:middle;display:inline-block}<\/style>\t\t\t\t\t\t\t\t\t\t<img fetchpriority=\"high\" decoding=\"async\" width=\"328\" height=\"328\" src=\"https:\/\/progressiopodlasie.pl\/wp-content\/uploads\/dotacje_unijne.png\" class=\"attachment-large size-large wp-image-44\" alt=\"\" srcset=\"https:\/\/progressiopodlasie.pl\/wp-content\/uploads\/dotacje_unijne.png 328w, https:\/\/progressiopodlasie.pl\/wp-content\/uploads\/dotacje_unijne-200x200.png 200w, https:\/\/progressiopodlasie.pl\/wp-content\/uploads\/dotacje_unijne-100x100.png 100w\" sizes=\"(max-width: 328px) 100vw, 328px\" \/>\t\t\t\t\t\t\t\t\t\t\t\t\t<\/div>\n\t\t\t\t<\/div>\n\t\t\t\t<\/div>\n\t\t<div class=\"elementor-element elementor-element-7cde5b1 e-con-full e-flex e-con e-child\" data-id=\"7cde5b1\" data-element_type=\"container\" data-settings=\"{&quot;content_width&quot;:&quot;full&quot;}\">\n\t\t\t\t<div class=\"elementor-element elementor-element-7f3e895 elementor-widget__width-inherit elementor-widget elementor-widget-heading\" data-id=\"7f3e895\" data-element_type=\"widget\" data-widget_type=\"heading.default\">\n\t\t\t\t<div class=\"elementor-widget-container\">\n\t\t\t<style>\/*! elementor - v3.19.0 - 28-02-2024 *\/\n.elementor-heading-title{padding:0;margin:0;line-height:1}.elementor-widget-heading .elementor-heading-title[class*=elementor-size-]>a{color:inherit;font-size:inherit;line-height:inherit}.elementor-widget-heading .elementor-heading-title.elementor-size-small{font-size:15px}.elementor-widget-heading .elementor-heading-title.elementor-size-medium{font-size:19px}.elementor-widget-heading .elementor-heading-title.elementor-size-large{font-size:29px}.elementor-widget-heading .elementor-heading-title.elementor-size-xl{font-size:39px}.elementor-widget-heading .elementor-heading-title.elementor-size-xxl{font-size:59px}<\/style><h2 class=\"elementor-heading-title elementor-size-default\">Dotacje Unijne<\/h2>\t\t<\/div>\n\t\t\t\t<\/div>\n\t\t\t\t<div class=\"elementor-element elementor-element-1829bad elementor-widget elementor-widget-text-editor\" data-id=\"1829bad\" data-element_type=\"widget\" data-widget_type=\"text-editor.default\">\n\t\t\t\t<div class=\"elementor-widget-container\">\n\t\t\t<style>\/*! elementor - v3.19.0 - 28-02-2024 *\/\n.elementor-widget-text-editor.elementor-drop-cap-view-stacked .elementor-drop-cap{background-color:#69727d;color:#fff}.elementor-widget-text-editor.elementor-drop-cap-view-framed .elementor-drop-cap{color:#69727d;border:3px solid;background-color:transparent}.elementor-widget-text-editor:not(.elementor-drop-cap-view-default) .elementor-drop-cap{margin-top:8px}.elementor-widget-text-editor:not(.elementor-drop-cap-view-default) .elementor-drop-cap-letter{width:1em;height:1em}.elementor-widget-text-editor .elementor-drop-cap{float:left;text-align:center;line-height:1;font-size:50px}.elementor-widget-text-editor .elementor-drop-cap-letter{display:inline-block}<\/style>\t\t\t\t<p><strong>Na start<\/strong>\u00a0&#8211; opracowujemy bardzo szczeg\u00f3\u0142owe wnioski do Powiatowych Urz\u0119d\u00f3w Pracy, Lokalnych Grup Dzia\u0142ania, PFRON i pozosta\u0142ych instytucji wspieraj\u0105cych aktywizacj\u0119 zawodow\u0105 bezrobotnych i tworzenie firm dla os\u00f3b ju\u017c zatrudnionych.<\/p><p>Ka\u017cdy wniosek poprzedzony jest szczeg\u00f3\u0142ow\u0105 analiz\u0105 potrzeb. Podpowiadamy najlepsze rozwi\u0105zania, kt\u00f3re umo\u017cliwi\u0105 zdobycie wysokiej oceny merytorycznej wniosku.<\/p><p><strong>Na rozw\u00f3j\u00a0<\/strong>&#8211; opracowujemy szczeg\u00f3\u0142owe i rozbudowane aplikacje projektowe. Studia wykonalno\u015bci, biznesplany, analizy finansowe z analiz\u0105 wska\u017anik\u00f3w finansowych, analiz\u0105 otoczenia konkurencyjnego, specyficzne opracowania wymagane zakresem danego konkursu. Opracowujemy wnioski w ramach program\u00f3w:<\/p><ul><li>Regionalne Programy Operacyjne na lata 2021-2027 (fundusze wojew\u00f3dzkie dystrybuowane przez Urz\u0119dy Marsza\u0142kowskie)<\/li><li>Programy Krajowe na lata 2021-2027<br \/>Fundusze Europejskie dla Nowoczesnej Gospodarki<br \/>Program Polska Wschodnia+<br \/>Fundusze Europejskie na Infrastruktur\u0119, Klimat, \u015arodowisko<\/li><\/ul>\t\t\t\t\t\t<\/div>\n\t\t\t\t<\/div>\n\t\t\t\t<\/div>\n\t\t\t\t<\/div>\n\t\t<div class=\"elementor-element elementor-element-fd766a1 e-con-full e-flex e-con e-parent\" data-id=\"fd766a1\" data-element_type=\"container\" data-settings=\"{&quot;content_width&quot;:&quot;full&quot;}\" data-core-v316-plus=\"true\">\n\t\t<div class=\"elementor-element elementor-element-ce2195e e-con-full e-flex e-con e-child\" data-id=\"ce2195e\" data-element_type=\"container\" data-settings=\"{&quot;content_width&quot;:&quot;full&quot;}\">\n\t\t\t\t<div class=\"elementor-element elementor-element-c30b89b elementor-widget elementor-widget-image\" data-id=\"c30b89b\" data-element_type=\"widget\" data-widget_type=\"image.default\">\n\t\t\t\t<div class=\"elementor-widget-container\">\n\t\t\t\t\t\t\t\t\t\t\t\t\t<img decoding=\"async\" width=\"328\" height=\"328\" src=\"https:\/\/progressiopodlasie.pl\/wp-content\/uploads\/rozliczenie_projektow.webp\" class=\"attachment-large size-large wp-image-66\" alt=\"\" srcset=\"https:\/\/progressiopodlasie.pl\/wp-content\/uploads\/rozliczenie_projektow.webp 328w, https:\/\/progressiopodlasie.pl\/wp-content\/uploads\/rozliczenie_projektow-200x200.webp 200w, https:\/\/progressiopodlasie.pl\/wp-content\/uploads\/rozliczenie_projektow-100x100.webp 100w\" sizes=\"(max-width: 328px) 100vw, 328px\" \/>\t\t\t\t\t\t\t\t\t\t\t\t\t<\/div>\n\t\t\t\t<\/div>\n\t\t\t\t<\/div>\n\t\t<div class=\"elementor-element elementor-element-01fbc06 e-con-full e-flex e-con e-child\" data-id=\"01fbc06\" data-element_type=\"container\" id=\"rozliczanie\" data-settings=\"{&quot;content_width&quot;:&quot;full&quot;}\">\n\t\t\t\t<div class=\"elementor-element elementor-element-61c8150 elementor-widget__width-inherit elementor-widget elementor-widget-heading\" data-id=\"61c8150\" data-element_type=\"widget\" data-widget_type=\"heading.default\">\n\t\t\t\t<div class=\"elementor-widget-container\">\n\t\t\t<h2 class=\"elementor-heading-title elementor-size-default\">ROZLICZANIE PROJEKT\u00d3W<\/h2>\t\t<\/div>\n\t\t\t\t<\/div>\n\t\t\t\t<div class=\"elementor-element elementor-element-6acac00 elementor-widget elementor-widget-text-editor\" data-id=\"6acac00\" data-element_type=\"widget\" data-widget_type=\"text-editor.default\">\n\t\t\t\t<div class=\"elementor-widget-container\">\n\t\t\t\t\t\t\t<p>Prowadzimy wsp\u00f3\u0142prac\u0119 przy rozliczaniu projekt\u00f3w unijnych. Wsp\u00f3\u0142pracujemy wsp\u00f3lnie z Wykonawcami, biurem ksi\u0119gowym Beneficjenta. Kompletujemy niezb\u0119dne dane do systemu SL2014, nadzorujemy prawid\u0142owy przebieg procesu wnioskowania o zaliczk\u0119, refundacji poniesionych koszt\u00f3w. Sprawdzamy poprawno\u015b\u0107 zam\u00f3wie\u0144 realizowanych w projekcie lub samodzielnie przeprowadzamy zam\u00f3wienia \u2013 zgodne z obowi\u0105zuj\u0105cymi Wytycznymi i regulaminem Beneficjenta. Dbamy o prawid\u0142ow\u0105 promocj\u0119 projektu, przekazujemy niezb\u0119dne wskaz\u00f3wki. Jeste\u015bmy z Beneficjentem w trakcie kontroli projektu, wprowadzamy zalecenia pokontrolne.<\/p>\t\t\t\t\t\t<\/div>\n\t\t\t\t<\/div>\n\t\t\t\t<\/div>\n\t\t\t\t<\/div>\n\t\t<div class=\"elementor-element elementor-element-caae499 e-con-full e-flex e-con e-parent\" data-id=\"caae499\" data-element_type=\"container\" data-settings=\"{&quot;content_width&quot;:&quot;full&quot;}\" data-core-v316-plus=\"true\">\n\t\t<div class=\"elementor-element elementor-element-5c5ccd1 e-con-full e-flex e-con e-child\" data-id=\"5c5ccd1\" data-element_type=\"container\" id=\"pozyczki\" data-settings=\"{&quot;content_width&quot;:&quot;full&quot;}\">\n\t\t\t\t<div class=\"elementor-element elementor-element-39ff217 elementor-widget elementor-widget-image\" data-id=\"39ff217\" data-element_type=\"widget\" data-widget_type=\"image.default\">\n\t\t\t\t<div class=\"elementor-widget-container\">\n\t\t\t\t\t\t\t\t\t\t\t\t\t<img decoding=\"async\" width=\"327\" height=\"328\" src=\"https:\/\/progressiopodlasie.pl\/wp-content\/uploads\/pozyczki_unijne.png\" class=\"attachment-large size-large wp-image-62\" alt=\"\" srcset=\"https:\/\/progressiopodlasie.pl\/wp-content\/uploads\/pozyczki_unijne.png 327w, https:\/\/progressiopodlasie.pl\/wp-content\/uploads\/pozyczki_unijne-200x201.png 200w, https:\/\/progressiopodlasie.pl\/wp-content\/uploads\/pozyczki_unijne-100x100.png 100w\" sizes=\"(max-width: 327px) 100vw, 327px\" \/>\t\t\t\t\t\t\t\t\t\t\t\t\t<\/div>\n\t\t\t\t<\/div>\n\t\t\t\t<\/div>\n\t\t<div class=\"elementor-element elementor-element-4a490e2 e-con-full e-flex e-con e-child\" data-id=\"4a490e2\" data-element_type=\"container\" data-settings=\"{&quot;content_width&quot;:&quot;full&quot;}\">\n\t\t\t\t<div class=\"elementor-element elementor-element-4a6525e elementor-widget__width-inherit elementor-widget elementor-widget-heading\" data-id=\"4a6525e\" data-element_type=\"widget\" data-widget_type=\"heading.default\">\n\t\t\t\t<div class=\"elementor-widget-container\">\n\t\t\t<h2 class=\"elementor-heading-title elementor-size-default\">PO\u017bYCZKI UNIJNE<\/h2>\t\t<\/div>\n\t\t\t\t<\/div>\n\t\t\t\t<div class=\"elementor-element elementor-element-92f4cd4 elementor-widget elementor-widget-text-editor\" data-id=\"92f4cd4\" data-element_type=\"widget\" data-widget_type=\"text-editor.default\">\n\t\t\t\t<div class=\"elementor-widget-container\">\n\t\t\t\t\t\t\t<p><strong>Niskooprocentowane po\u017cyczki unijne<\/strong><\/p>\n<ul>\n<li>Ma\u0142a po\u017cyczka inwestycyjna<\/li><li>Po\u017cyczki na innowacje, rozw\u00f3j turystyki, cyfryzacj\u0119<\/li>\n<li>Mikropo\u017cyczka na rozpocz\u0119cie dzia\u0142alno\u015bci gospodarczej<\/li>\n<li>Po\u017cyczki dla M\u015aP<\/li>\n<li>Po\u017cyczka DU\u017bA<\/li>\n<\/ul>\t\t\t\t\t\t<\/div>\n\t\t\t\t<\/div>\n\t\t\t\t<\/div>\n\t\t\t\t<\/div>\n\t\t\t\t<\/div>\n\t\t","protected":false},"excerpt":{"rendered":"<p>Dotacje Unijne Na start\u00a0&#8211; opracowujemy bardzo szczeg\u00f3\u0142owe wnioski do Powiatowych Urz\u0119d\u00f3w Pracy, Lokalnych Grup Dzia\u0142ania, PFRON i pozosta\u0142ych instytucji wspieraj\u0105cych aktywizacj\u0119 zawodow\u0105 bezrobotnych i tworzenie firm dla os\u00f3b ju\u017c zatrudnionych. Ka\u017cdy wniosek poprzedzony jest szczeg\u00f3\u0142ow\u0105 analiz\u0105 potrzeb. Podpowiadamy najlepsze rozwi\u0105zania, kt\u00f3re umo\u017cliwi\u0105 zdobycie wysokiej oceny merytorycznej wniosku. Na rozw\u00f3j\u00a0&#8211; opracowujemy szczeg\u00f3\u0142owe i rozbudowane aplikacje projektowe. [&hellip;]<\/p>\n","protected":false},"author":1,"featured_media":0,"parent":0,"menu_order":0,"comment_status":"closed","ping_status":"closed","template":"elementor_header_footer","meta":{"footnotes":""},"class_list":["post-268","page","type-page","status-publish","hentry"],"_links":{"self":[{"href":"https:\/\/progressiopodlasie.pl\/index.php?rest_route=\/wp\/v2\/pages\/268","targetHints":{"allow":["GET"]}}],"collection":[{"href":"https:\/\/progressiopodlasie.pl\/index.php?rest_route=\/wp\/v2\/pages"}],"about":[{"href":"https:\/\/progressiopodlasie.pl\/index.php?rest_route=\/wp\/v2\/types\/page"}],"author":[{"embeddable":true,"href":"https:\/\/progressiopodlasie.pl\/index.php?rest_route=\/wp\/v2\/users\/1"}],"replies":[{"embeddable":true,"href":"https:\/\/progressiopodlasie.pl\/index.php?rest_route=%2Fwp%2Fv2%2Fcomments&post=268"}],"version-history":[{"count":4,"href":"https:\/\/progressiopodlasie.pl\/index.php?rest_route=\/wp\/v2\/pages\/268\/revisions"}],"predecessor-version":[{"id":737,"href":"https:\/\/progressiopodlasie.pl\/index.php?rest_route=\/wp\/v2\/pages\/268\/revisions\/737"}],"wp:attachment":[{"href":"https:\/\/progressiopodlasie.pl\/index.php?rest_route=%2Fwp%2Fv2%2Fmedia&parent=268"}],"curies":[{"name":"wp","href":"https:\/\/api.w.org\/{rel}","templated":true}]}}