{"id":416,"date":"2024-01-11T10:30:30","date_gmt":"2024-01-11T09:30:30","guid":{"rendered":"http:\/\/progressiopodlasie.pl\/?page_id=416"},"modified":"2024-01-11T10:36:27","modified_gmt":"2024-01-11T09:36:27","slug":"aktualnosci","status":"publish","type":"page","link":"https:\/\/progressiopodlasie.pl\/?page_id=416","title":{"rendered":"Aktualno\u015bci"},"content":{"rendered":"\t\t<div data-elementor-type=\"wp-page\" data-elementor-id=\"416\" class=\"elementor elementor-416\" data-elementor-post-type=\"page\">\n\t\t\t\t<div class=\"elementor-element elementor-element-67b3f11 e-flex e-con-boxed e-con e-parent\" data-id=\"67b3f11\" data-element_type=\"container\" data-settings=\"{&quot;content_width&quot;:&quot;boxed&quot;}\" data-core-v316-plus=\"true\">\n\t\t\t\t\t<div class=\"e-con-inner\">\n\t\t\t\t<div class=\"elementor-element elementor-element-244ec5a elementor-widget__width-inherit elementor-widget elementor-widget-heading\" data-id=\"244ec5a\" data-element_type=\"widget\" data-widget_type=\"heading.default\">\n\t\t\t\t<div class=\"elementor-widget-container\">\n\t\t\t<style>\/*! elementor - v3.19.0 - 28-02-2024 *\/\n.elementor-heading-title{padding:0;margin:0;line-height:1}.elementor-widget-heading .elementor-heading-title[class*=elementor-size-]>a{color:inherit;font-size:inherit;line-height:inherit}.elementor-widget-heading .elementor-heading-title.elementor-size-small{font-size:15px}.elementor-widget-heading .elementor-heading-title.elementor-size-medium{font-size:19px}.elementor-widget-heading .elementor-heading-title.elementor-size-large{font-size:29px}.elementor-widget-heading .elementor-heading-title.elementor-size-xl{font-size:39px}.elementor-widget-heading .elementor-heading-title.elementor-size-xxl{font-size:59px}<\/style><h2 class=\"elementor-heading-title elementor-size-default\">Aktualno\u015bci<\/h2>\t\t<\/div>\n\t\t\t\t<\/div>\n\t\t\t\t<div class=\"elementor-element elementor-element-9beabf6 elementor-grid-3 elementor-grid-tablet-2 elementor-grid-mobile-1 elementor-posts--thumbnail-top elementor-widget elementor-widget-posts\" data-id=\"9beabf6\" data-element_type=\"widget\" data-settings=\"{&quot;pagination_type&quot;:&quot;load_more_infinite_scroll&quot;,&quot;classic_columns&quot;:&quot;3&quot;,&quot;classic_columns_tablet&quot;:&quot;2&quot;,&quot;classic_columns_mobile&quot;:&quot;1&quot;,&quot;classic_row_gap&quot;:{&quot;unit&quot;:&quot;px&quot;,&quot;size&quot;:35,&quot;sizes&quot;:[]},&quot;classic_row_gap_tablet&quot;:{&quot;unit&quot;:&quot;px&quot;,&quot;size&quot;:&quot;&quot;,&quot;sizes&quot;:[]},&quot;classic_row_gap_mobile&quot;:{&quot;unit&quot;:&quot;px&quot;,&quot;size&quot;:&quot;&quot;,&quot;sizes&quot;:[]},&quot;load_more_spinner&quot;:{&quot;value&quot;:&quot;fas fa-spinner&quot;,&quot;library&quot;:&quot;fa-solid&quot;}}\" data-widget_type=\"posts.classic\">\n\t\t\t\t<div class=\"elementor-widget-container\">\n\t\t\t<link rel=\"stylesheet\" href=\"https:\/\/progressiopodlasie.pl\/wp-content\/plugins\/elementor-pro\/assets\/css\/widget-posts.min.css\">\t\t<div class=\"elementor-posts-container elementor-posts elementor-posts--skin-classic elementor-grid\">\n\t\t\t\t<article class=\"elementor-post elementor-grid-item post-866 post type-post status-publish format-standard has-post-thumbnail hentry category-bez-kategorii\">\n\t\t\t\t<a class=\"elementor-post__thumbnail__link\" href=\"https:\/\/progressiopodlasie.pl\/?p=866\" tabindex=\"-1\" >\n\t\t\t<div class=\"elementor-post__thumbnail\"><img fetchpriority=\"high\" decoding=\"async\" width=\"500\" height=\"500\" src=\"https:\/\/progressiopodlasie.pl\/wp-content\/uploads\/AKADEMIA-PP.png\" class=\"attachment-medium size-medium wp-image-871\" alt=\"\" srcset=\"https:\/\/progressiopodlasie.pl\/wp-content\/uploads\/AKADEMIA-PP.png 500w, https:\/\/progressiopodlasie.pl\/wp-content\/uploads\/AKADEMIA-PP-200x200.png 200w, https:\/\/progressiopodlasie.pl\/wp-content\/uploads\/AKADEMIA-PP-100x100.png 100w\" sizes=\"(max-width: 500px) 100vw, 500px\" \/><\/div>\n\t\t<\/a>\n\t\t\t\t<div class=\"elementor-post__text\">\n\t\t\t\t<h3 class=\"elementor-post__title\">\n\t\t\t<a href=\"https:\/\/progressiopodlasie.pl\/?p=866\" >\n\t\t\t\tPierwszy webinar Akademii Progressio Podlasie\t\t\t<\/a>\n\t\t<\/h3>\n\t\t\t\t<div class=\"elementor-post__meta-data\">\n\t\t\t\t\t<span class=\"elementor-post-date\">\n\t\t\t2024-11-07\t\t<\/span>\n\t\t\t\t<\/div>\n\t\t\t\t<div class=\"elementor-post__excerpt\">\n\t\t\t<p>Lokalne Grupy Dzia\u0142ania 2025 &#8211; spotkanie on-line dla os\u00f3b fizycznych i przedsi\u0119biorc\u00f3w Szanowni Pa\u0144stwo \u2013 z uwagi na ilo\u015b\u0107 zapyta\u0144<\/p>\n\t\t<\/div>\n\t\t\n\t\t<a class=\"elementor-post__read-more\" href=\"https:\/\/progressiopodlasie.pl\/?p=866\" aria-label=\"Read more about Pierwszy webinar Akademii Progressio Podlasie\" tabindex=\"-1\" >\n\t\t\tCzytaj wi\u0119cej \u00bb\t\t<\/a>\n\n\t\t\t\t<\/div>\n\t\t\t\t<\/article>\n\t\t\t\t<article class=\"elementor-post elementor-grid-item post-850 post type-post status-publish format-standard has-post-thumbnail hentry category-bez-kategorii\">\n\t\t\t\t<a class=\"elementor-post__thumbnail__link\" href=\"https:\/\/progressiopodlasie.pl\/?p=850\" tabindex=\"-1\" >\n\t\t\t<div class=\"elementor-post__thumbnail\"><img decoding=\"async\" width=\"940\" height=\"788\" src=\"https:\/\/progressiopodlasie.pl\/wp-content\/uploads\/SCIEZKA-SMART.png\" class=\"attachment-medium size-medium wp-image-851\" alt=\"\" srcset=\"https:\/\/progressiopodlasie.pl\/wp-content\/uploads\/SCIEZKA-SMART.png 940w, https:\/\/progressiopodlasie.pl\/wp-content\/uploads\/SCIEZKA-SMART-768x644.png 768w, https:\/\/progressiopodlasie.pl\/wp-content\/uploads\/SCIEZKA-SMART-200x168.png 200w\" sizes=\"(max-width: 940px) 100vw, 940px\" \/><\/div>\n\t\t<\/a>\n\t\t\t\t<div class=\"elementor-post__text\">\n\t\t\t\t<h3 class=\"elementor-post__title\">\n\t\t\t<a href=\"https:\/\/progressiopodlasie.pl\/?p=850\" >\n\t\t\t\t\u015acie\u017cka SMART &#8211; zrealizuj innowacyjny projekt\t\t\t<\/a>\n\t\t<\/h3>\n\t\t\t\t<div class=\"elementor-post__meta-data\">\n\t\t\t\t\t<span class=\"elementor-post-date\">\n\t\t\t2024-08-15\t\t<\/span>\n\t\t\t\t<\/div>\n\t\t\t\t<div class=\"elementor-post__excerpt\">\n\t\t\t<p>Serdecznie zapraszam do zapoznania si\u0119 z artyku\u0142em, kt\u00f3ry w ca\u0142o\u015bci przedstawia za\u0142o\u017cenia niezwykle wyczekiwanego i wa\u017cnego w kontek\u015bcie rozwoju polskich<\/p>\n\t\t<\/div>\n\t\t\n\t\t<a class=\"elementor-post__read-more\" href=\"https:\/\/progressiopodlasie.pl\/?p=850\" aria-label=\"Read more about \u015acie\u017cka SMART &#8211; zrealizuj innowacyjny projekt\" tabindex=\"-1\" >\n\t\t\tCzytaj wi\u0119cej \u00bb\t\t<\/a>\n\n\t\t\t\t<\/div>\n\t\t\t\t<\/article>\n\t\t\t\t<article class=\"elementor-post elementor-grid-item post-844 post type-post status-publish format-standard has-post-thumbnail hentry category-bez-kategorii\">\n\t\t\t\t<a class=\"elementor-post__thumbnail__link\" href=\"https:\/\/progressiopodlasie.pl\/?p=844\" tabindex=\"-1\" >\n\t\t\t<div class=\"elementor-post__thumbnail\"><img decoding=\"async\" width=\"600\" height=\"503\" src=\"https:\/\/progressiopodlasie.pl\/wp-content\/uploads\/452513071_800359448967480_391024495496685511_n.jpg\" class=\"attachment-medium size-medium wp-image-846\" alt=\"\" srcset=\"https:\/\/progressiopodlasie.pl\/wp-content\/uploads\/452513071_800359448967480_391024495496685511_n.jpg 600w, https:\/\/progressiopodlasie.pl\/wp-content\/uploads\/452513071_800359448967480_391024495496685511_n-200x168.jpg 200w\" sizes=\"(max-width: 600px) 100vw, 600px\" \/><\/div>\n\t\t<\/a>\n\t\t\t\t<div class=\"elementor-post__text\">\n\t\t\t\t<h3 class=\"elementor-post__title\">\n\t\t\t<a href=\"https:\/\/progressiopodlasie.pl\/?p=844\" >\n\t\t\t\tGospodarka o obiegu zamkni\u0119tym w M\u015aP &#8211; etap I, Fundusze Europejskie dla Polski Wschodniej\t\t\t<\/a>\n\t\t<\/h3>\n\t\t\t\t<div class=\"elementor-post__meta-data\">\n\t\t\t\t\t<span class=\"elementor-post-date\">\n\t\t\t2024-07-23\t\t<\/span>\n\t\t\t\t<\/div>\n\t\t\t\t<div class=\"elementor-post__excerpt\">\n\t\t\t<p>100% dofinansowania 92 218 z\u0142 &#8211; maksymalna warto\u015b\u0107 koszt\u00f3w kwalifikowalnych I etap &#8211; zakup us\u0142ug doradczych \u015bwiadczonych przez doradc\u00f3w zewn\u0119trznych,<\/p>\n\t\t<\/div>\n\t\t\n\t\t<a class=\"elementor-post__read-more\" href=\"https:\/\/progressiopodlasie.pl\/?p=844\" aria-label=\"Read more about Gospodarka o obiegu zamkni\u0119tym w M\u015aP &#8211; etap I, Fundusze Europejskie dla Polski Wschodniej\" tabindex=\"-1\" >\n\t\t\tCzytaj wi\u0119cej \u00bb\t\t<\/a>\n\n\t\t\t\t<\/div>\n\t\t\t\t<\/article>\n\t\t\t\t<article class=\"elementor-post elementor-grid-item post-834 post type-post status-publish format-standard has-post-thumbnail hentry category-bez-kategorii\">\n\t\t\t\t<a class=\"elementor-post__thumbnail__link\" href=\"https:\/\/progressiopodlasie.pl\/?p=834\" tabindex=\"-1\" >\n\t\t\t<div class=\"elementor-post__thumbnail\"><img loading=\"lazy\" decoding=\"async\" width=\"940\" height=\"788\" src=\"https:\/\/progressiopodlasie.pl\/wp-content\/uploads\/Miniprzewodnik-po-konkursie-horeca-2024.png\" class=\"attachment-medium size-medium wp-image-835\" alt=\"\" srcset=\"https:\/\/progressiopodlasie.pl\/wp-content\/uploads\/Miniprzewodnik-po-konkursie-horeca-2024.png 940w, https:\/\/progressiopodlasie.pl\/wp-content\/uploads\/Miniprzewodnik-po-konkursie-horeca-2024-768x644.png 768w, https:\/\/progressiopodlasie.pl\/wp-content\/uploads\/Miniprzewodnik-po-konkursie-horeca-2024-200x168.png 200w\" sizes=\"(max-width: 940px) 100vw, 940px\" \/><\/div>\n\t\t<\/a>\n\t\t\t\t<div class=\"elementor-post__text\">\n\t\t\t\t<h3 class=\"elementor-post__title\">\n\t\t\t<a href=\"https:\/\/progressiopodlasie.pl\/?p=834\" >\n\t\t\t\tMiniPrzewodnik po naborze HoReCa \u2013 zapraszamy do lektury\t\t\t<\/a>\n\t\t<\/h3>\n\t\t\t\t<div class=\"elementor-post__meta-data\">\n\t\t\t\t\t<span class=\"elementor-post-date\">\n\t\t\t2024-04-05\t\t<\/span>\n\t\t\t\t<\/div>\n\t\t\t\t<div class=\"elementor-post__excerpt\">\n\t\t\t<p>Po wi\u0119cej informacji, zadawanie szczeg\u00f3\u0142owych pyta\u0144 \u2013 serdecznie zapraszam do kontaktu telefonicznego &#8211; 513 830 210, po wcze\u015bniejszym um\u00f3wieniu si\u0119.<\/p>\n\t\t<\/div>\n\t\t\n\t\t<a class=\"elementor-post__read-more\" href=\"https:\/\/progressiopodlasie.pl\/?p=834\" aria-label=\"Read more about MiniPrzewodnik po naborze HoReCa \u2013 zapraszamy do lektury\" tabindex=\"-1\" >\n\t\t\tCzytaj wi\u0119cej \u00bb\t\t<\/a>\n\n\t\t\t\t<\/div>\n\t\t\t\t<\/article>\n\t\t\t\t<article class=\"elementor-post elementor-grid-item post-827 post type-post status-publish format-standard has-post-thumbnail hentry category-bez-kategorii\">\n\t\t\t\t<a class=\"elementor-post__thumbnail__link\" href=\"https:\/\/progressiopodlasie.pl\/?p=827\" tabindex=\"-1\" >\n\t\t\t<div class=\"elementor-post__thumbnail\"><img loading=\"lazy\" decoding=\"async\" width=\"940\" height=\"788\" src=\"https:\/\/progressiopodlasie.pl\/wp-content\/uploads\/easter-1.png\" class=\"attachment-medium size-medium wp-image-829\" alt=\"\" srcset=\"https:\/\/progressiopodlasie.pl\/wp-content\/uploads\/easter-1.png 940w, https:\/\/progressiopodlasie.pl\/wp-content\/uploads\/easter-1-768x644.png 768w, https:\/\/progressiopodlasie.pl\/wp-content\/uploads\/easter-1-200x168.png 200w\" sizes=\"(max-width: 940px) 100vw, 940px\" \/><\/div>\n\t\t<\/a>\n\t\t\t\t<div class=\"elementor-post__text\">\n\t\t\t\t<h3 class=\"elementor-post__title\">\n\t\t\t<a href=\"https:\/\/progressiopodlasie.pl\/?p=827\" >\n\t\t\t\tWeso\u0142ych \u015awi\u0105t Wielkanocnych\t\t\t<\/a>\n\t\t<\/h3>\n\t\t\t\t<div class=\"elementor-post__meta-data\">\n\t\t\t\t\t<span class=\"elementor-post-date\">\n\t\t\t2024-03-28\t\t<\/span>\n\t\t\t\t<\/div>\n\t\t\t\t<div class=\"elementor-post__excerpt\">\n\t\t\t\t\t<\/div>\n\t\t\n\t\t<a class=\"elementor-post__read-more\" href=\"https:\/\/progressiopodlasie.pl\/?p=827\" aria-label=\"Read more about Weso\u0142ych \u015awi\u0105t Wielkanocnych\" tabindex=\"-1\" >\n\t\t\tCzytaj wi\u0119cej \u00bb\t\t<\/a>\n\n\t\t\t\t<\/div>\n\t\t\t\t<\/article>\n\t\t\t\t<article class=\"elementor-post elementor-grid-item post-824 post type-post status-publish format-standard has-post-thumbnail hentry category-bez-kategorii\">\n\t\t\t\t<a class=\"elementor-post__thumbnail__link\" href=\"https:\/\/progressiopodlasie.pl\/?p=824\" tabindex=\"-1\" >\n\t\t\t<div class=\"elementor-post__thumbnail\"><img loading=\"lazy\" decoding=\"async\" width=\"940\" height=\"788\" src=\"https:\/\/progressiopodlasie.pl\/wp-content\/uploads\/horeca2024.jpg\" class=\"attachment-medium size-medium wp-image-825\" alt=\"\" srcset=\"https:\/\/progressiopodlasie.pl\/wp-content\/uploads\/horeca2024.jpg 940w, https:\/\/progressiopodlasie.pl\/wp-content\/uploads\/horeca2024-768x644.jpg 768w, https:\/\/progressiopodlasie.pl\/wp-content\/uploads\/horeca2024-200x168.jpg 200w\" sizes=\"(max-width: 940px) 100vw, 940px\" \/><\/div>\n\t\t<\/a>\n\t\t\t\t<div class=\"elementor-post__text\">\n\t\t\t\t<h3 class=\"elementor-post__title\">\n\t\t\t<a href=\"https:\/\/progressiopodlasie.pl\/?p=824\" >\n\t\t\t\tPrzypominamy o najbardziej wyczekiwanym naborze w tym roku\u00a0\t\t\t<\/a>\n\t\t<\/h3>\n\t\t\t\t<div class=\"elementor-post__meta-data\">\n\t\t\t\t\t<span class=\"elementor-post-date\">\n\t\t\t2024-03-28\t\t<\/span>\n\t\t\t\t<\/div>\n\t\t\t\t<div class=\"elementor-post__excerpt\">\n\t\t\t<p>Progressio Podlasie\u00a0przypomina\u00a0Prowadzisz firm\u0119 w bran\u017cy hotelarskiej, gastronomicznej, a mo\u017ce masz studio sportowo-rekreacyjne? Przypominamy o najbardziej wyczekiwanym naborze w tym roku\u00a0\u00a0Zadzwo\u0144:\u00a0\u00a0513<\/p>\n\t\t<\/div>\n\t\t\n\t\t<a class=\"elementor-post__read-more\" href=\"https:\/\/progressiopodlasie.pl\/?p=824\" aria-label=\"Read more about Przypominamy o najbardziej wyczekiwanym naborze w tym roku\u00a0\" tabindex=\"-1\" >\n\t\t\tCzytaj wi\u0119cej \u00bb\t\t<\/a>\n\n\t\t\t\t<\/div>\n\t\t\t\t<\/article>\n\t\t\t\t<\/div>\n\t\t\t\t\t<span class=\"e-load-more-spinner\">\n\t\t\t\t<svg aria-hidden=\"true\" class=\"e-font-icon-svg e-fas-spinner\" viewBox=\"0 0 512 512\" xmlns=\"http:\/\/www.w3.org\/2000\/svg\"><path d=\"M304 48c0 26.51-21.49 48-48 48s-48-21.49-48-48 21.49-48 48-48 48 21.49 48 48zm-48 368c-26.51 0-48 21.49-48 48s21.49 48 48 48 48-21.49 48-48-21.49-48-48-48zm208-208c-26.51 0-48 21.49-48 48s21.49 48 48 48 48-21.49 48-48-21.49-48-48-48zM96 256c0-26.51-21.49-48-48-48S0 229.49 0 256s21.49 48 48 48 48-21.49 48-48zm12.922 99.078c-26.51 0-48 21.49-48 48s21.49 48 48 48 48-21.49 48-48c0-26.509-21.491-48-48-48zm294.156 0c-26.51 0-48 21.49-48 48s21.49 48 48 48 48-21.49 48-48c0-26.509-21.49-48-48-48zM108.922 60.922c-26.51 0-48 21.49-48 48s21.49 48 48 48 48-21.49 48-48-21.491-48-48-48z\"><\/path><\/svg>\t\t\t<\/span>\n\t\t\n\t\t\t\t<div class=\"e-load-more-anchor\" data-page=\"1\" data-max-page=\"3\" data-next-page=\"https:\/\/progressiopodlasie.pl\/index.php?rest_route=%2Fwp%2Fv2%2Fpages%2F416&#038;paged=2\"><\/div>\n\t\t\t\t<div class=\"e-load-more-message\">Nie ma ju\u017c wi\u0119cej aktualno\u015bci<\/div>\n\t\t\t\t<\/div>\n\t\t\t\t<\/div>\n\t\t\t\t\t<\/div>\n\t\t\t\t<\/div>\n\t\t\t\t<\/div>\n\t\t","protected":false},"excerpt":{"rendered":"","protected":false},"author":1,"featured_media":0,"parent":0,"menu_order":0,"comment_status":"closed","ping_status":"closed","template":"","meta":{"footnotes":""},"class_list":["post-416","page","type-page","status-publish","hentry"],"_links":{"self":[{"href":"https:\/\/progressiopodlasie.pl\/index.php?rest_route=\/wp\/v2\/pages\/416","targetHints":{"allow":["GET"]}}],"collection":[{"href":"https:\/\/progressiopodlasie.pl\/index.php?rest_route=\/wp\/v2\/pages"}],"about":[{"href":"https:\/\/progressiopodlasie.pl\/index.php?rest_route=\/wp\/v2\/types\/page"}],"author":[{"embeddable":true,"href":"https:\/\/progressiopodlasie.pl\/index.php?rest_route=\/wp\/v2\/users\/1"}],"replies":[{"embeddable":true,"href":"https:\/\/progressiopodlasie.pl\/index.php?rest_route=%2Fwp%2Fv2%2Fcomments&post=416"}],"version-history":[{"count":0,"href":"https:\/\/progressiopodlasie.pl\/index.php?rest_route=\/wp\/v2\/pages\/416\/revisions"}],"wp:attachment":[{"href":"https:\/\/progressiopodlasie.pl\/index.php?rest_route=%2Fwp%2Fv2%2Fmedia&parent=416"}],"curies":[{"name":"wp","href":"https:\/\/api.w.org\/{rel}","templated":true}]}}