{"id":524,"date":"2024-01-16T09:49:38","date_gmt":"2024-01-16T08:49:38","guid":{"rendered":"http:\/\/progressiopodlasie.pl\/?page_id=524"},"modified":"2024-01-22T15:46:50","modified_gmt":"2024-01-22T14:46:50","slug":"sklep-2","status":"publish","type":"page","link":"https:\/\/progressiopodlasie.pl\/?page_id=524","title":{"rendered":"Sklep"},"content":{"rendered":"\t\t<div data-elementor-type=\"wp-page\" data-elementor-id=\"524\" class=\"elementor elementor-524\" data-elementor-post-type=\"page\">\n\t\t\t\t<div class=\"elementor-element elementor-element-ca7dee2 e-flex e-con-boxed e-con e-parent\" data-id=\"ca7dee2\" data-element_type=\"container\" data-settings=\"{&quot;content_width&quot;:&quot;boxed&quot;}\" data-core-v316-plus=\"true\">\n\t\t\t\t\t<div class=\"e-con-inner\">\n\t\t\t\t<div class=\"elementor-element elementor-element-4aa4e04 elementor-grid-3 elementor-product-loop-item--align-center elementor-grid-tablet-1 elementor-grid-mobile-1 elementor-products-grid elementor-wc-products elementor-widget elementor-widget-woocommerce-products\" data-id=\"4aa4e04\" data-element_type=\"widget\" data-widget_type=\"woocommerce-products.default\">\n\t\t\t\t<div class=\"elementor-widget-container\">\n\t\t\t<link rel=\"stylesheet\" href=\"https:\/\/progressiopodlasie.pl\/wp-content\/plugins\/elementor-pro\/assets\/css\/widget-woocommerce.min.css\"><div class=\"woocommerce columns-3 \"><ul class=\"products elementor-grid columns-3\">\n<li class=\"product type-product post-222 status-publish first instock product_cat-bez-kategorii has-post-thumbnail virtual purchasable product-type-simple\">\n\t<a href=\"https:\/\/progressiopodlasie.pl\/?product=wniosek-mini\" class=\"woocommerce-LoopProduct-link woocommerce-loop-product__link\"><img decoding=\"async\" width=\"200\" height=\"231\" src=\"https:\/\/progressiopodlasie.pl\/wp-content\/uploads\/wniosek_1mini-200x231.png\" class=\"attachment-woocommerce_thumbnail size-woocommerce_thumbnail\" alt=\"\" srcset=\"https:\/\/progressiopodlasie.pl\/wp-content\/uploads\/wniosek_1mini-200x231.png 200w, https:\/\/progressiopodlasie.pl\/wp-content\/uploads\/wniosek_1mini.png 300w\" sizes=\"(max-width: 200px) 100vw, 200px\" \/><h2 class=\"woocommerce-loop-product__title\">Wniosek MINI<\/h2><div class=\"tppdil_description\">Draft wniosku dla wybranej bran\u017cy na wybranym wzorze pod dany Urz\u0105d Pracy, wraz z za\u0142\u0105cznikami i analiz\u0105 finansow\u0105, wzorami um\u00f3w, list\u00f3w intencyjnych, jedna poprawka do wniosku.<\/div>\n\t<span class=\"price\"><span class=\"woocommerce-Price-amount amount\"><bdi>700,00&nbsp;<span class=\"woocommerce-Price-currencySymbol\">&#122;&#322;<\/span><\/bdi><\/span><\/span>\n<\/a><div class=\"woocommerce-loop-product__buttons\"><a href=\"?add-to-cart=222\" data-quantity=\"1\" class=\"button product_type_simple add_to_cart_button ajax_add_to_cart\" data-product_id=\"222\" data-product_sku=\"pakiet-1-1\" aria-label=\"Add to cart: &ldquo;Wniosek MINI&rdquo;\" aria-describedby=\"\" rel=\"nofollow\">Add to cart<\/a><\/div><\/li>\n<li class=\"product type-product post-220 status-publish instock product_cat-bez-kategorii has-post-thumbnail virtual purchasable product-type-simple\">\n\t<a href=\"https:\/\/progressiopodlasie.pl\/?product=wniosek-standard\" class=\"woocommerce-LoopProduct-link woocommerce-loop-product__link\"><img decoding=\"async\" width=\"200\" height=\"231\" src=\"https:\/\/progressiopodlasie.pl\/wp-content\/uploads\/wniosek_1standard-200x231.png\" class=\"attachment-woocommerce_thumbnail size-woocommerce_thumbnail\" alt=\"\" srcset=\"https:\/\/progressiopodlasie.pl\/wp-content\/uploads\/wniosek_1standard-200x231.png 200w, https:\/\/progressiopodlasie.pl\/wp-content\/uploads\/wniosek_1standard.png 300w\" sizes=\"(max-width: 200px) 100vw, 200px\" \/><h2 class=\"woocommerce-loop-product__title\">Wniosek standard<\/h2><div class=\"tppdil_description\">Draft wniosku na wybranym wzorze pod dany Urz\u0105d Pracy we wskazanej przez Klienta bran\u017cy wraz z za\u0142\u0105cznikami i analiz\u0105 finansow\u0105, wzorami um\u00f3w, list\u00f3w intencyjnych, dwie poprawki do wniosku, rozliczenie dotacji przed Urz\u0119dem Pracy.<\/div>\n\t<span class=\"price\"><span class=\"woocommerce-Price-amount amount\"><bdi>1500,00&nbsp;<span class=\"woocommerce-Price-currencySymbol\">&#122;&#322;<\/span><\/bdi><\/span><\/span>\n<\/a><div class=\"woocommerce-loop-product__buttons\"><a href=\"?add-to-cart=220\" data-quantity=\"1\" class=\"button product_type_simple add_to_cart_button ajax_add_to_cart\" data-product_id=\"220\" data-product_sku=\"pakiet-1\" aria-label=\"Add to cart: &ldquo;Wniosek standard&rdquo;\" aria-describedby=\"\" rel=\"nofollow\">Add to cart<\/a><\/div><\/li>\n<li class=\"product type-product post-216 status-publish last instock product_cat-bez-kategorii has-post-thumbnail virtual purchasable product-type-simple\">\n\t<a href=\"https:\/\/progressiopodlasie.pl\/?product=projekt-bez-limitu\" class=\"woocommerce-LoopProduct-link woocommerce-loop-product__link\"><img decoding=\"async\" width=\"200\" height=\"230\" src=\"https:\/\/progressiopodlasie.pl\/wp-content\/uploads\/projekt_bez_1limitu-200x230.png\" class=\"attachment-woocommerce_thumbnail size-woocommerce_thumbnail\" alt=\"\" srcset=\"https:\/\/progressiopodlasie.pl\/wp-content\/uploads\/projekt_bez_1limitu-200x230.png 200w, https:\/\/progressiopodlasie.pl\/wp-content\/uploads\/projekt_bez_1limitu.png 301w\" sizes=\"(max-width: 200px) 100vw, 200px\" \/><h2 class=\"woocommerce-loop-product__title\">Projekt bez limitu<\/h2><div class=\"tppdil_description\">Draft wniosku na wybranym wzorze pod dany Urz\u0105d Pracy dla wskazanej przez Klienta bran\u017cy wraz z za\u0142\u0105cznikami i analiz\u0105 finansow\u0105, wzorami um\u00f3w, list\u00f3w intencyjnych, nielimitowanym doradztwem on-line i telefonicznym w zakresie wniosku, nieograniczona liczba poprawek do wniosku, rozliczenie dotacji przed Urz\u0119dem Pracy, pomoc w za\u0142o\u017ceniu dzia\u0142alno\u015bci gospodarczej, merytoryczna opieka nad przedsi\u0119biorstwem przez 12 miesi\u0119cy od momentu podpisania umowy z Powiatowym Urz\u0119dem Pracy<\/div>\n\t<span class=\"price\"><span class=\"woocommerce-Price-amount amount\"><bdi>2000,00&nbsp;<span class=\"woocommerce-Price-currencySymbol\">&#122;&#322;<\/span><\/bdi><\/span><\/span>\n<\/a><div class=\"woocommerce-loop-product__buttons\"><a href=\"?add-to-cart=216\" data-quantity=\"1\" class=\"button product_type_simple add_to_cart_button ajax_add_to_cart\" data-product_id=\"216\" data-product_sku=\"pakiet\" aria-label=\"Add to cart: &ldquo;Projekt bez limitu&rdquo;\" aria-describedby=\"\" rel=\"nofollow\">Add to cart<\/a><\/div><\/li>\n<\/ul>\n<\/div>\t\t<\/div>\n\t\t\t\t<\/div>\n\t\t\t\t\t<\/div>\n\t\t\t\t<\/div>\n\t\t\t\t<\/div>\n\t\t","protected":false},"excerpt":{"rendered":"","protected":false},"author":1,"featured_media":0,"parent":0,"menu_order":0,"comment_status":"closed","ping_status":"closed","template":"elementor_header_footer","meta":{"footnotes":""},"class_list":["post-524","page","type-page","status-publish","hentry"],"_links":{"self":[{"href":"https:\/\/progressiopodlasie.pl\/index.php?rest_route=\/wp\/v2\/pages\/524","targetHints":{"allow":["GET"]}}],"collection":[{"href":"https:\/\/progressiopodlasie.pl\/index.php?rest_route=\/wp\/v2\/pages"}],"about":[{"href":"https:\/\/progressiopodlasie.pl\/index.php?rest_route=\/wp\/v2\/types\/page"}],"author":[{"embeddable":true,"href":"https:\/\/progressiopodlasie.pl\/index.php?rest_route=\/wp\/v2\/users\/1"}],"replies":[{"embeddable":true,"href":"https:\/\/progressiopodlasie.pl\/index.php?rest_route=%2Fwp%2Fv2%2Fcomments&post=524"}],"version-history":[{"count":1,"href":"https:\/\/progressiopodlasie.pl\/index.php?rest_route=\/wp\/v2\/pages\/524\/revisions"}],"predecessor-version":[{"id":841,"href":"https:\/\/progressiopodlasie.pl\/index.php?rest_route=\/wp\/v2\/pages\/524\/revisions\/841"}],"wp:attachment":[{"href":"https:\/\/progressiopodlasie.pl\/index.php?rest_route=%2Fwp%2Fv2%2Fmedia&parent=524"}],"curies":[{"name":"wp","href":"https:\/\/api.w.org\/{rel}","templated":true}]}}