{"id":216,"date":"2024-01-02T14:54:09","date_gmt":"2024-01-02T13:54:09","guid":{"rendered":"http:\/\/progressiopodlasie.pl\/?post_type=product&#038;p=216"},"modified":"2024-01-23T11:58:27","modified_gmt":"2024-01-23T10:58:27","slug":"projekt-bez-limitu","status":"publish","type":"product","link":"https:\/\/progressiopodlasie.pl\/?product=projekt-bez-limitu","title":{"rendered":"Projekt bez limitu"},"content":{"rendered":"\n<p>Pakiet \u201eProjekt bez limitu&#8221; stanowi kompleksow\u0105 ofert\u0119, kt\u00f3rej celem jest zapewnienie Klientowi pe\u0142nego wsparcia na ka\u017cdym etapie sk\u0142adania wniosku o dotacj\u0119. W ramach tego pakietu, przygotuj\u0119 kompletny draft wniosku dostosowany do wybranego wzoru i specyfiki bran\u017cy wskazanej przez Klienta, uwzgl\u0119dniaj\u0105c wszelkie istotne aspekty.<\/p>\n\n\n\n<p>Dokumentacja wniosku zostanie uzupe\u0142niona o niezb\u0119dne za\u0142\u0105czniki oraz kompleksow\u0105 analiz\u0119 finansow\u0105, aby zagwarantowa\u0107 kompleksowo\u015b\u0107 i przekonuj\u0105c\u0105 prezentacj\u0119 projektu przed Urz\u0119dem Pracy. Dodatkowo, w ramach pakietu \u201eProjekt bez limitu&#8221;, dostarcz\u0119 wzory um\u00f3w oraz list\u00f3w intencyjnych, kluczowych element\u00f3w w kontek\u015bcie prowadzenia dzia\u0142alno\u015bci w danej bran\u017cy.<\/p>\n\n\n\n<p>Jednak to jeszcze nie wszystko. W ramach pakietu Klient otrzyma nielimitowane doradztwo online i telefoniczne w zakresie przygotowywanego wniosku, zapewniaj\u0105c pe\u0142ne wsparcie na ka\u017cdym etapie procesu aplikacyjnego. Ponadto, Klient ma mo\u017cliwo\u015b\u0107 korzystania z nieograniczonej liczby poprawek do wniosku, co pozwala na elastyczne dostosowanie dokumentu do ewentualnych zmian czy dodatkowych wymaga\u0144.<\/p>\n\n\n\n<p>W pakiecie zawarte jest r\u00f3wnie\u017c profesjonalne rozliczenie dotacji przed Urz\u0119dem Pracy, eliminuj\u0105c tym samym zmartwienia zwi\u0105zane z tym procesem. Dodatkowo, oferuj\u0119 pomoc w za\u0142o\u017ceniu dzia\u0142alno\u015bci gospodarczej, a tak\u017ce merytoryczn\u0105 opiek\u0119 nad przedsi\u0119biorstwem przez okres 12 miesi\u0119cy od momentu podpisania umowy z Powiatowym Urz\u0119dem Pracy.<\/p>\n\n\n\n<p>M\u00f3j priorytet to zapewni\u0107 Klientowi kompleksow\u0105 obs\u0142ug\u0119, umo\u017cliwiaj\u0105c\u0105 skuteczne ubieganie si\u0119 o dotacj\u0119 oraz d\u0142ugofalowy rozw\u00f3j przedsi\u0119biorstwa. Jestem dost\u0119pny na ka\u017cdym etapie, got\u00f3w udziela\u0107 fachowej pomocy i dostosowa\u0107 si\u0119 do indywidualnych potrzeb i oczekiwa\u0144 Klienta.<\/p>\n\n\n\n<p>Jest to pakiet najcz\u0119\u015bciej wybierany przez Klient\u00f3w<\/p>\n\n\n\n<p>Do pakietu Standard i Bez Limitu Klient przekazuje niezb\u0119dne dane celem opracowania indywidualnej aplikacji projektowej (szczeg\u00f3lnie w zakresie ofert\/ link\u00f3w do sklepu internetowych dla zakup\u00f3w finansowanych dotacj\u0105)<\/p>\n","protected":false},"excerpt":{"rendered":"<p>Draft wniosku na wybranym wzorze pod dany Urz\u0105d Pracy dla wskazanej przez Klienta bran\u017cy wraz z za\u0142\u0105cznikami i analiz\u0105 finansow\u0105, wzorami um\u00f3w, list\u00f3w intencyjnych, nielimitowanym doradztwem on-line i telefonicznym w zakresie wniosku, nieograniczona liczba poprawek do wniosku, rozliczenie dotacji przed Urz\u0119dem Pracy, pomoc w za\u0142o\u017ceniu dzia\u0142alno\u015bci gospodarczej, merytoryczna opieka nad przedsi\u0119biorstwem przez 12 miesi\u0119cy od momentu podpisania umowy z Powiatowym Urz\u0119dem Pracy<\/p>\n","protected":false},"featured_media":250,"template":"","meta":[],"product_cat":[18],"product_tag":[],"class_list":{"0":"post-216","1":"product","2":"type-product","3":"status-publish","4":"has-post-thumbnail","6":"product_cat-bez-kategorii","8":"first","9":"instock","10":"virtual","11":"purchasable","12":"product-type-simple"},"_links":{"self":[{"href":"https:\/\/progressiopodlasie.pl\/index.php?rest_route=\/wp\/v2\/product\/216","targetHints":{"allow":["GET"]}}],"collection":[{"href":"https:\/\/progressiopodlasie.pl\/index.php?rest_route=\/wp\/v2\/product"}],"about":[{"href":"https:\/\/progressiopodlasie.pl\/index.php?rest_route=\/wp\/v2\/types\/product"}],"version-history":[{"count":0,"href":"https:\/\/progressiopodlasie.pl\/index.php?rest_route=\/wp\/v2\/product\/216\/revisions"}],"wp:featuredmedia":[{"embeddable":true,"href":"https:\/\/progressiopodlasie.pl\/index.php?rest_route=\/wp\/v2\/media\/250"}],"wp:attachment":[{"href":"https:\/\/progressiopodlasie.pl\/index.php?rest_route=%2Fwp%2Fv2%2Fmedia&parent=216"}],"wp:term":[{"taxonomy":"product_cat","embeddable":true,"href":"https:\/\/progressiopodlasie.pl\/index.php?rest_route=%2Fwp%2Fv2%2Fproduct_cat&post=216"},{"taxonomy":"product_tag","embeddable":true,"href":"https:\/\/progressiopodlasie.pl\/index.php?rest_route=%2Fwp%2Fv2%2Fproduct_tag&post=216"}],"curies":[{"name":"wp","href":"https:\/\/api.w.org\/{rel}","templated":true}]}}