{"id":220,"date":"2024-01-02T15:14:11","date_gmt":"2024-01-02T14:14:11","guid":{"rendered":"http:\/\/progressiopodlasie.pl\/?post_type=product&#038;p=220"},"modified":"2024-01-23T11:58:15","modified_gmt":"2024-01-23T10:58:15","slug":"wniosek-standard","status":"publish","type":"product","link":"https:\/\/progressiopodlasie.pl\/?product=wniosek-standard","title":{"rendered":"Wniosek standard"},"content":{"rendered":"\n<p>Pakiet \u201eWniosek Standard&#8221; to kompleksowe rozwi\u0105zanie, kt\u00f3re obejmuje przygotowanie pe\u0142nego projektu wniosku skierowanego do okre\u015blonego Urz\u0119du Pracy, dostosowanego do wybranego przez Klienta sektora dzia\u0142alno\u015bci. W ramach tego pakietu, dostarcz\u0119 profesjonalny draft wniosku stworzony na wybranym wzorze, uwzgl\u0119dniaj\u0105cy specyfik\u0119 bran\u017cy wskazanej przez Klienta.<\/p>\n\n\n\n<p>Projekt wniosku zostanie uzupe\u0142niony o niezb\u0119dne za\u0142\u0105czniki oraz kompleksow\u0105 analiz\u0119 finansow\u0105, celem dostarczenia pe\u0142nej dokumentacji niezb\u0119dnej do przekonuj\u0105cego przedstawienia projektu przed Urz\u0119dem Pracy. Dodatkowo, w ramach pakietu, dostarcz\u0119 wzory um\u00f3w oraz list\u00f3w intencyjnych, kt\u00f3re s\u0105 kluczowe w kontek\u015bcie prowadzenia dzia\u0142alno\u015bci w danej bran\u017cy.<\/p>\n\n\n\n<p>Aby sprosta\u0107 indywidualnym oczekiwaniom Klienta, pakiet \u201eWniosek Standard&#8221; obejmuje dwie poprawki do wniosku. Dzi\u0119ki temu, istnieje mo\u017cliwo\u015b\u0107 dostosowania dokumentu do ewentualnych zmian lub dodatkowych wymaga\u0144. Warto r\u00f3wnie\u017c zaznaczy\u0107, \u017ce w ramach pakietu zajm\u0119 si\u0119 r\u00f3wnie\u017c profesjonalnym rozliczeniem dotacji przed Urz\u0119dem Pracy, eliminuj\u0105c tym samym dodatkowy trud dla Klienta i zapewniaj\u0105c pe\u0142n\u0105 kompleksowo\u015b\u0107 obs\u0142ugi procesu aplikacyjnego.<\/p>\n\n\n\n<p>Moim celem jest zagwarantowanie Klientowi wysokiej jako\u015bci us\u0142ug, obejmuj\u0105cych pe\u0142en zakres niezb\u0119dny do skutecznego sk\u0142adania wniosku o dotacj\u0119. Jestem dost\u0119pny na ka\u017cdym etapie, aby udzieli\u0107 wsparcia, odpowiedzie\u0107 na pytania i dostosowa\u0107 pakiet us\u0142ug do indywidualnych potrzeb i oczekiwa\u0144.<\/p>\n\n\n\n<p>Do pakietu Standard i Bez Limitu Klient przekazuje niezb\u0119dne dane celem opracowania indywidualnej aplikacji projektowej (szczeg\u00f3lnie w zakresie ofert\/ link\u00f3w do sklepu internetowych dla zakup\u00f3w finansowanych dotacj\u0105)<\/p>\n","protected":false},"excerpt":{"rendered":"<p>Draft wniosku na wybranym wzorze pod dany Urz\u0105d Pracy we wskazanej przez Klienta bran\u017cy wraz z za\u0142\u0105cznikami i analiz\u0105 finansow\u0105, wzorami um\u00f3w, list\u00f3w intencyjnych, dwie poprawki do wniosku, rozliczenie dotacji przed Urz\u0119dem Pracy.<\/p>\n","protected":false},"featured_media":252,"template":"","meta":[],"product_cat":[18],"product_tag":[],"class_list":{"0":"post-220","1":"product","2":"type-product","3":"status-publish","4":"has-post-thumbnail","6":"product_cat-bez-kategorii","8":"first","9":"instock","10":"virtual","11":"purchasable","12":"product-type-simple"},"_links":{"self":[{"href":"https:\/\/progressiopodlasie.pl\/index.php?rest_route=\/wp\/v2\/product\/220","targetHints":{"allow":["GET"]}}],"collection":[{"href":"https:\/\/progressiopodlasie.pl\/index.php?rest_route=\/wp\/v2\/product"}],"about":[{"href":"https:\/\/progressiopodlasie.pl\/index.php?rest_route=\/wp\/v2\/types\/product"}],"version-history":[{"count":0,"href":"https:\/\/progressiopodlasie.pl\/index.php?rest_route=\/wp\/v2\/product\/220\/revisions"}],"wp:featuredmedia":[{"embeddable":true,"href":"https:\/\/progressiopodlasie.pl\/index.php?rest_route=\/wp\/v2\/media\/252"}],"wp:attachment":[{"href":"https:\/\/progressiopodlasie.pl\/index.php?rest_route=%2Fwp%2Fv2%2Fmedia&parent=220"}],"wp:term":[{"taxonomy":"product_cat","embeddable":true,"href":"https:\/\/progressiopodlasie.pl\/index.php?rest_route=%2Fwp%2Fv2%2Fproduct_cat&post=220"},{"taxonomy":"product_tag","embeddable":true,"href":"https:\/\/progressiopodlasie.pl\/index.php?rest_route=%2Fwp%2Fv2%2Fproduct_tag&post=220"}],"curies":[{"name":"wp","href":"https:\/\/api.w.org\/{rel}","templated":true}]}}