{"id":222,"date":"2024-01-02T15:15:45","date_gmt":"2024-01-02T14:15:45","guid":{"rendered":"http:\/\/progressiopodlasie.pl\/?post_type=product&#038;p=222"},"modified":"2024-01-23T11:58:03","modified_gmt":"2024-01-23T10:58:03","slug":"wniosek-mini","status":"publish","type":"product","link":"https:\/\/progressiopodlasie.pl\/?product=wniosek-mini","title":{"rendered":"Wniosek MINI"},"content":{"rendered":"\n<p>Przygotuj\u0119 kompleksowy projekt wniosku skierowanego do Urz\u0119du Pracy dedykowanego wybranej bran\u017cy. Opracuj\u0119 go zgodnie z wybranym wzorem, obejmuj\u0105c wszystkie niezb\u0119dne elementy, takie jak pe\u0142na dokumentacja, odpowiednie za\u0142\u0105czniki oraz kompleksow\u0105 analiz\u0119 finansow\u0105. W ramach moich us\u0142ug dostarcz\u0119 r\u00f3wnie\u017c wzory um\u00f3w oraz list\u00f3w intencyjnych, kt\u00f3re s\u0105 istotne dla prowadzenia dzia\u0142alno\u015bci w danej bran\u017cy.<br>W trakcie procesu przygotowywania wniosku zwr\u00f3c\u0119 szczeg\u00f3ln\u0105 uwag\u0119 na jako\u015b\u0107 prezentacji danych finansowych, co umo\u017cliwi bardziej przekonuj\u0105ce przedstawienie projektu. Dodatkowo, dostarcz\u0119 jedn\u0105 poprawk\u0119 do wniosku, aby upewni\u0107 si\u0119, \u017ce spe\u0142nia on wszystkie wymagania i oczekiwania Urz\u0119du Pracy.<\/p>\n\n\n\n<p>Zapewni\u0119 kompleksowe wsparcie i profesjonalne podej\u015bcie w procesie sk\u0142adania wniosku, umo\u017cliwiaj\u0105c maksymalne szanse na uzyskanie pozytywnej decyzji.<\/p>\n\n\n\n<p>W pakiecie \u201eMini&#8221; analiza finansowa nie zawiera tabeli z kosztorysem &#8211; zestawieniem wydatk\u00f3w finansowanych dotacj\u0105<br><\/p>\n","protected":false},"excerpt":{"rendered":"<p>Draft wniosku dla wybranej bran\u017cy na wybranym wzorze pod dany Urz\u0105d Pracy, wraz z za\u0142\u0105cznikami i analiz\u0105 finansow\u0105, wzorami um\u00f3w, list\u00f3w intencyjnych, jedna poprawka do wniosku.<\/p>\n","protected":false},"featured_media":251,"template":"","meta":[],"product_cat":[18],"product_tag":[],"class_list":{"0":"post-222","1":"product","2":"type-product","3":"status-publish","4":"has-post-thumbnail","6":"product_cat-bez-kategorii","8":"first","9":"instock","10":"virtual","11":"purchasable","12":"product-type-simple"},"_links":{"self":[{"href":"https:\/\/progressiopodlasie.pl\/index.php?rest_route=\/wp\/v2\/product\/222","targetHints":{"allow":["GET"]}}],"collection":[{"href":"https:\/\/progressiopodlasie.pl\/index.php?rest_route=\/wp\/v2\/product"}],"about":[{"href":"https:\/\/progressiopodlasie.pl\/index.php?rest_route=\/wp\/v2\/types\/product"}],"version-history":[{"count":0,"href":"https:\/\/progressiopodlasie.pl\/index.php?rest_route=\/wp\/v2\/product\/222\/revisions"}],"wp:featuredmedia":[{"embeddable":true,"href":"https:\/\/progressiopodlasie.pl\/index.php?rest_route=\/wp\/v2\/media\/251"}],"wp:attachment":[{"href":"https:\/\/progressiopodlasie.pl\/index.php?rest_route=%2Fwp%2Fv2%2Fmedia&parent=222"}],"wp:term":[{"taxonomy":"product_cat","embeddable":true,"href":"https:\/\/progressiopodlasie.pl\/index.php?rest_route=%2Fwp%2Fv2%2Fproduct_cat&post=222"},{"taxonomy":"product_tag","embeddable":true,"href":"https:\/\/progressiopodlasie.pl\/index.php?rest_route=%2Fwp%2Fv2%2Fproduct_tag&post=222"}],"curies":[{"name":"wp","href":"https:\/\/api.w.org\/{rel}","templated":true}]}}